{"id":9,"date":"2025-10-07T09:58:46","date_gmt":"2025-10-07T07:58:46","guid":{"rendered":"https:\/\/cdedublog.educastur.es\/monicacerragarcia\/?page_id=9"},"modified":"2025-10-07T10:04:18","modified_gmt":"2025-10-07T08:04:18","slug":"sobre-el-blog","status":"publish","type":"page","link":"https:\/\/cdedublog.educastur.es\/monicacerragarcia\/sobre-el-blog\/","title":{"rendered":"Sobre el blog"},"content":{"rendered":"<h1>Presentaci\u00f3n Personal<\/h1>\n<p>Soy M\u00f3nica, profesora interina, y pretendo compartir mis progresos en la realizaci\u00f3n de contenidos del CCD-B1 con aquellos que est\u00e9n interesados.<\/p>\n<p>En el blog ir\u00e9 poniendo aquellas actividades que gu\u00edan mi proceso de aprendizaje.<\/p>\n<p>&nbsp;<\/p>\n<p><img loading=\"lazy\" decoding=\"async\" class=\"size-medium wp-image-10 aligncenter\" src=\"http:\/\/cdedublog.educastur.es\/monicacerragarcia\/files\/2025\/10\/book-4806076_1280-300x239.jpg\" alt=\"\" width=\"300\" height=\"239\" srcset=\"https:\/\/cdedublog.educastur.es\/monicacerragarcia\/files\/2025\/10\/book-4806076_1280-300x239.jpg 300w, https:\/\/cdedublog.educastur.es\/monicacerragarcia\/files\/2025\/10\/book-4806076_1280-1024x817.jpg 1024w, https:\/\/cdedublog.educastur.es\/monicacerragarcia\/files\/2025\/10\/book-4806076_1280-768x613.jpg 768w, https:\/\/cdedublog.educastur.es\/monicacerragarcia\/files\/2025\/10\/book-4806076_1280.jpg 1280w\" sizes=\"auto, (max-width: 300px) 100vw, 300px\" \/><\/p>\n<p>&nbsp;<\/p>\n<p>&nbsp;<\/p>\n<p>&nbsp;<\/p>\n<p>&nbsp;<\/p>\n<p>&nbsp;<\/p>\n<p>&nbsp;<\/p>\n<p>&nbsp;<\/p>\n","protected":false},"excerpt":{"rendered":"<p>Presentaci\u00f3n Personal Soy M\u00f3nica, profesora interina, y pretendo compartir mis progresos en la realizaci\u00f3n de contenidos del CCD-B1 con aquellos que est\u00e9n interesados. En el blog ir\u00e9 poniendo aquellas actividades que gu\u00edan mi proceso de aprendizaje. &nbsp; &nbsp; &nbsp; &nbsp; &nbsp; &nbsp; &nbsp; &nbsp;<\/p>\n","protected":false},"author":6659,"featured_media":0,"parent":0,"menu_order":0,"comment_status":"closed","ping_status":"closed","template":"","meta":{"footnotes":""},"class_list":["post-9","page","type-page","status-publish","hentry","post-preview"],"_links":{"self":[{"href":"https:\/\/cdedublog.educastur.es\/monicacerragarcia\/wp-json\/wp\/v2\/pages\/9","targetHints":{"allow":["GET"]}}],"collection":[{"href":"https:\/\/cdedublog.educastur.es\/monicacerragarcia\/wp-json\/wp\/v2\/pages"}],"about":[{"href":"https:\/\/cdedublog.educastur.es\/monicacerragarcia\/wp-json\/wp\/v2\/types\/page"}],"author":[{"embeddable":true,"href":"https:\/\/cdedublog.educastur.es\/monicacerragarcia\/wp-json\/wp\/v2\/users\/6659"}],"replies":[{"embeddable":true,"href":"https:\/\/cdedublog.educastur.es\/monicacerragarcia\/wp-json\/wp\/v2\/comments?post=9"}],"version-history":[{"count":6,"href":"https:\/\/cdedublog.educastur.es\/monicacerragarcia\/wp-json\/wp\/v2\/pages\/9\/revisions"}],"predecessor-version":[{"id":20,"href":"https:\/\/cdedublog.educastur.es\/monicacerragarcia\/wp-json\/wp\/v2\/pages\/9\/revisions\/20"}],"wp:attachment":[{"href":"https:\/\/cdedublog.educastur.es\/monicacerragarcia\/wp-json\/wp\/v2\/media?parent=9"}],"curies":[{"name":"wp","href":"https:\/\/api.w.org\/{rel}","templated":true}]}}